{"id":1643,"date":"2019-04-30T13:15:21","date_gmt":"2019-04-30T11:15:21","guid":{"rendered":"https:\/\/deleitar.es\/producto\/queso-cheddar-barra\/"},"modified":"2020-05-25T12:58:11","modified_gmt":"2020-05-25T10:58:11","slug":"queixo-cheddar-barra","status":"publish","type":"product","link":"https:\/\/deleitar.es\/gl\/producto\/queixo-cheddar-barra\/","title":{"rendered":"Queixo Cheddar en barra"},"content":{"rendered":"<p><strong>Peso:<\/strong> 2,100kg \/ 2,750kg \/ 3,450kg<br \/>\n<strong>Dimensiones:<\/strong> 210 x 95 x 85mm \/ 250 x 100 x 105mm \/ 275 x 110 x 110mm<br \/>\n<strong>Clase de env\u00edo:<\/strong> En fr\u00edo.<\/p>\n","protected":false},"excerpt":{"rendered":"<p><strong>Ingredientes:\u00a0<\/strong>Queixo de pasta prensada.<\/p>\n<p><strong>Modo de emprego: <\/strong>Consumo directo cru, tras tratamento t\u00e9rmico ou como ingrediente para outros produtos (pizzas, pasta, reposter\u00eda\u2026).<\/p>\n<p><strong>Conservaci\u00f3n:\u00a0<\/strong>Conservar entre 3 \u00baC e 9 \u00baC.<\/p>\n<p><strong>Orixe do leite:\u00a0<\/strong>Espa\u00f1a<\/p>\n","protected":false},"featured_media":1424,"template":"","meta":[],"yoast_head":"<!-- This site is optimized with the Yoast SEO plugin v15.3 - https:\/\/yoast.com\/wordpress\/plugins\/seo\/ -->\n<title>Deleitar | Queixo Cheddar en barra<\/title>\n<meta name=\"description\" content=\"O noso queixo Cheddar Deleitar en barra \u00e9 perfecto para gozar s\u00f3 ou engadir uns liscos aos teus bocadillos, pizzas e moito m\u00e1is!\" \/>\n<meta name=\"robots\" content=\"index, follow, max-snippet:-1, max-image-preview:large, max-video-preview:-1\" \/>\n<link rel=\"canonical\" href=\"https:\/\/deleitar.es\/gl\/producto\/queixo-cheddar-barra\/\" \/>\n<meta property=\"og:locale\" content=\"gl_ES\" \/>\n<meta property=\"og:type\" content=\"article\" \/>\n<meta property=\"og:title\" content=\"Deleitar | Queixo Cheddar en barra\" \/>\n<meta property=\"og:description\" content=\"O noso queixo Cheddar Deleitar en barra \u00e9 perfecto para gozar s\u00f3 ou engadir uns liscos aos teus bocadillos, pizzas e moito m\u00e1is!\" \/>\n<meta property=\"og:url\" content=\"https:\/\/deleitar.es\/gl\/producto\/queixo-cheddar-barra\/\" \/>\n<meta property=\"og:site_name\" content=\"Deleitar\" \/>\n<meta property=\"article:publisher\" content=\"https:\/\/www.facebook.com\/Deleitar.gal\/\" \/>\n<meta property=\"article:modified_time\" content=\"2020-05-25T10:58:11+00:00\" \/>\n<meta property=\"og:image\" content=\"https:\/\/deleitar.es\/wp-content\/uploads\/2020\/05\/DELEITAR_SEOFB-cheddar-barra-1.jpg\" \/>\n\t<meta property=\"og:image:width\" content=\"2400\" \/>\n\t<meta property=\"og:image:height\" content=\"1260\" \/>\n<meta name=\"twitter:card\" content=\"summary_large_image\" \/>\n<meta name=\"twitter:title\" content=\"Deleitar | Queixo Cheddar en barra\" \/>\n<meta name=\"twitter:description\" content=\"O noso queixo Cheddar Deleitar en barra \u00e9 perfecto para gozar s\u00f3 ou engadir uns liscos aos teus bocadillos, pizzas e moito m\u00e1is!\" \/>\n<meta name=\"twitter:image\" content=\"https:\/\/deleitar.es\/wp-content\/uploads\/2020\/05\/DELEITAR_SEOTW-cheddar-barra-1.jpg\" \/>\n<meta name=\"twitter:label1\" content=\"Escrito por\">\n\t<meta name=\"twitter:data1\" content=\"Deleitar\">\n\t<meta name=\"twitter:label2\" content=\"Tempo de lectura\">\n\t<meta name=\"twitter:data2\" content=\"0 minutos\">\n<script type=\"application\/ld+json\" class=\"yoast-schema-graph\">{\"@context\":\"https:\/\/schema.org\",\"@graph\":[{\"@type\":\"Organization\",\"@id\":\"https:\/\/deleitar.es\/#organization\",\"name\":\"Deleitar\",\"url\":\"https:\/\/deleitar.es\/\",\"sameAs\":[\"https:\/\/www.facebook.com\/Deleitar.gal\/\",\"https:\/\/www.instagram.com\/deleitar.gal\/\"],\"logo\":{\"@type\":\"ImageObject\",\"@id\":\"https:\/\/deleitar.es\/#logo\",\"inLanguage\":\"gl-ES\",\"url\":\"https:\/\/deleitar.es\/wp-content\/uploads\/2020\/05\/DELEITAR_SEOFB-home.jpg\",\"width\":2400,\"height\":1260,\"caption\":\"Deleitar\"},\"image\":{\"@id\":\"https:\/\/deleitar.es\/#logo\"}},{\"@type\":\"WebSite\",\"@id\":\"https:\/\/deleitar.es\/#website\",\"url\":\"https:\/\/deleitar.es\/\",\"name\":\"Deleitar\",\"description\":\"Leche 100% gallega\",\"publisher\":{\"@id\":\"https:\/\/deleitar.es\/#organization\"},\"potentialAction\":[{\"@type\":\"SearchAction\",\"target\":\"https:\/\/deleitar.es\/?s={search_term_string}\",\"query-input\":\"required name=search_term_string\"}],\"inLanguage\":\"gl-ES\"},{\"@type\":\"ImageObject\",\"@id\":\"https:\/\/deleitar.es\/gl\/producto\/queixo-cheddar-barra\/#primaryimage\",\"inLanguage\":\"gl-ES\",\"url\":\"https:\/\/deleitar.es\/wp-content\/uploads\/2019\/09\/queso-cheddar.png\",\"width\":500,\"height\":500,\"caption\":\"Queso Cheddar\"},{\"@type\":\"WebPage\",\"@id\":\"https:\/\/deleitar.es\/gl\/producto\/queixo-cheddar-barra\/#webpage\",\"url\":\"https:\/\/deleitar.es\/gl\/producto\/queixo-cheddar-barra\/\",\"name\":\"Deleitar | Queixo Cheddar en barra\",\"isPartOf\":{\"@id\":\"https:\/\/deleitar.es\/#website\"},\"primaryImageOfPage\":{\"@id\":\"https:\/\/deleitar.es\/gl\/producto\/queixo-cheddar-barra\/#primaryimage\"},\"datePublished\":\"2019-04-30T11:15:21+00:00\",\"dateModified\":\"2020-05-25T10:58:11+00:00\",\"description\":\"O noso queixo Cheddar Deleitar en barra \\u00e9 perfecto para gozar s\\u00f3 ou engadir uns liscos aos teus bocadillos, pizzas e moito m\\u00e1is!\",\"inLanguage\":\"gl-ES\",\"potentialAction\":[{\"@type\":\"ReadAction\",\"target\":[\"https:\/\/deleitar.es\/gl\/producto\/queixo-cheddar-barra\/\"]}]}]}<\/script>\n<!-- \/ Yoast SEO plugin. -->","_links":{"self":[{"href":"https:\/\/deleitar.es\/gl\/wp-json\/wp\/v2\/product\/1643"}],"collection":[{"href":"https:\/\/deleitar.es\/gl\/wp-json\/wp\/v2\/product"}],"about":[{"href":"https:\/\/deleitar.es\/gl\/wp-json\/wp\/v2\/types\/product"}],"wp:featuredmedia":[{"embeddable":true,"href":"https:\/\/deleitar.es\/gl\/wp-json\/wp\/v2\/media\/1424"}],"wp:attachment":[{"href":"https:\/\/deleitar.es\/gl\/wp-json\/wp\/v2\/media?parent=1643"}],"curies":[{"name":"wp","href":"https:\/\/api.w.org\/{rel}","templated":true}]}}