{"id":1567,"date":"2019-08-30T12:54:18","date_gmt":"2019-08-30T10:54:18","guid":{"rendered":"https:\/\/deleitar.es\/producto\/nata-pasteurizada-entera-38-mg\/"},"modified":"2020-05-27T16:49:26","modified_gmt":"2020-05-27T14:49:26","slug":"nata-pasteurizada-enteira-38-mg","status":"publish","type":"product","link":"https:\/\/deleitar.es\/gl\/producto\/nata-pasteurizada-enteira-38-mg\/","title":{"rendered":"Nata pasteurizada enteira 38% MG"},"content":{"rendered":"<p><strong>Peso:<\/strong> 6,5 kg aprox (caja de 6)<br \/>\n<strong>Medidas unidad de venta (cart\u00f3n):<\/strong> \u00a070 x 70 x 234mm<br \/>\n<strong>Unidades por caja:<\/strong> \u00a06<br \/>\n<strong>Medidas caja:<\/strong> \u00a0230 x 157 x 240mm<br \/>\n<strong>Clase de env\u00edo:<\/strong> Refrigerado sin romper la cadena de fr\u00edo.<br \/>\n<strong>Notas de compra:<\/strong> El producto llegar\u00e1 a tu casa con una fecha de caducidad comprendida entre 14 y 21 d\u00edas.<\/p>\n","protected":false},"excerpt":{"rendered":"<h5>A <strong>nata l\u00edquida pasteurizada Deleitar<\/strong> cun <strong>38% MG<\/strong> destaca polas s\u00faas \u00f3ptimas caracter\u00edsticas: <strong>cor, excelente sabor e firmeza<\/strong>.<\/h5>\n<p><strong>Ingredientes:\u00a0<\/strong>Nata pasteurizada.<\/p>\n<p><strong>Modo de emprego:\u00a0<\/strong>Pode consumirse directamente ou despois de quentarse ou arrefriarse.<\/p>\n<p><strong>Conservaci\u00f3n:\u00a0<\/strong>Sempre en fr\u00edo, entre 2 \u00ba C e 4 \u00ba C. Unha vez aberto, consumir antes de tres d\u00edas. Evitar a luz solar.<\/p>\n<p><strong>Orixe do leite:\u00a0<\/strong>Espa\u00f1a.<\/p>\n","protected":false},"featured_media":1334,"template":"","meta":[],"yoast_head":"<!-- This site is optimized with the Yoast SEO plugin v15.3 - https:\/\/yoast.com\/wordpress\/plugins\/seo\/ -->\n<title>Deleitar | Nata pasteurizada enteira 38% MG<\/title>\n<meta name=\"description\" content=\"A nata l\u00edquida pasteurizada Deleitar cun 38% MG destaca polas s\u00faas \u00f3ptimas caracter\u00edsticas: cor, excelente sabor e firmeza.\" \/>\n<meta name=\"robots\" content=\"index, follow, max-snippet:-1, max-image-preview:large, max-video-preview:-1\" \/>\n<link rel=\"canonical\" href=\"https:\/\/deleitar.es\/gl\/producto\/nata-pasteurizada-enteira-38-mg\/\" \/>\n<meta property=\"og:locale\" content=\"gl_ES\" \/>\n<meta property=\"og:type\" content=\"article\" \/>\n<meta property=\"og:title\" content=\"Deleitar | Nata pasteurizada enteira 38% MG\" \/>\n<meta property=\"og:description\" content=\"A nata l\u00edquida pasteurizada Deleitar cun 38% MG destaca polas s\u00faas \u00f3ptimas caracter\u00edsticas: cor, excelente sabor e firmeza.\" \/>\n<meta property=\"og:url\" content=\"https:\/\/deleitar.es\/gl\/producto\/nata-pasteurizada-enteira-38-mg\/\" \/>\n<meta property=\"og:site_name\" content=\"Deleitar\" \/>\n<meta property=\"article:publisher\" content=\"https:\/\/www.facebook.com\/Deleitar.gal\/\" \/>\n<meta property=\"article:modified_time\" content=\"2020-05-27T14:49:26+00:00\" \/>\n<meta property=\"og:image\" content=\"https:\/\/deleitar.es\/wp-content\/uploads\/2020\/05\/DELEITAR_SEOFB-nata38-1.jpg\" \/>\n\t<meta property=\"og:image:width\" content=\"2400\" \/>\n\t<meta property=\"og:image:height\" content=\"1260\" \/>\n<meta name=\"twitter:card\" content=\"summary_large_image\" \/>\n<meta name=\"twitter:title\" content=\"Deleitar | Nata pasteurizada enteira 38% MG\" \/>\n<meta name=\"twitter:description\" content=\"A nata l\u00edquida pasteurizada Deleitar cun 38% MG destaca polas s\u00faas \u00f3ptimas caracter\u00edsticas: cor, excelente sabor e firmeza.\" \/>\n<meta name=\"twitter:image\" content=\"https:\/\/deleitar.es\/wp-content\/uploads\/2020\/05\/DELEITAR_SEOTW-nata38-1.jpg\" \/>\n<meta name=\"twitter:label1\" content=\"Escrito por\">\n\t<meta name=\"twitter:data1\" content=\"Deleitar\">\n\t<meta name=\"twitter:label2\" content=\"Tempo de lectura\">\n\t<meta name=\"twitter:data2\" content=\"0 minutos\">\n<script type=\"application\/ld+json\" class=\"yoast-schema-graph\">{\"@context\":\"https:\/\/schema.org\",\"@graph\":[{\"@type\":\"Organization\",\"@id\":\"https:\/\/deleitar.es\/#organization\",\"name\":\"Deleitar\",\"url\":\"https:\/\/deleitar.es\/\",\"sameAs\":[\"https:\/\/www.facebook.com\/Deleitar.gal\/\",\"https:\/\/www.instagram.com\/deleitar.gal\/\"],\"logo\":{\"@type\":\"ImageObject\",\"@id\":\"https:\/\/deleitar.es\/#logo\",\"inLanguage\":\"gl-ES\",\"url\":\"https:\/\/deleitar.es\/wp-content\/uploads\/2020\/05\/DELEITAR_SEOFB-home.jpg\",\"width\":2400,\"height\":1260,\"caption\":\"Deleitar\"},\"image\":{\"@id\":\"https:\/\/deleitar.es\/#logo\"}},{\"@type\":\"WebSite\",\"@id\":\"https:\/\/deleitar.es\/#website\",\"url\":\"https:\/\/deleitar.es\/\",\"name\":\"Deleitar\",\"description\":\"Leche 100% gallega\",\"publisher\":{\"@id\":\"https:\/\/deleitar.es\/#organization\"},\"potentialAction\":[{\"@type\":\"SearchAction\",\"target\":\"https:\/\/deleitar.es\/?s={search_term_string}\",\"query-input\":\"required name=search_term_string\"}],\"inLanguage\":\"gl-ES\"},{\"@type\":\"ImageObject\",\"@id\":\"https:\/\/deleitar.es\/gl\/producto\/nata-pasteurizada-enteira-38-mg\/#primaryimage\",\"inLanguage\":\"gl-ES\",\"url\":\"https:\/\/deleitar.es\/wp-content\/uploads\/2019\/09\/Deleitar-Nata-38.png\",\"width\":500,\"height\":500,\"caption\":\"Nata 38% Deleitar\"},{\"@type\":\"WebPage\",\"@id\":\"https:\/\/deleitar.es\/gl\/producto\/nata-pasteurizada-enteira-38-mg\/#webpage\",\"url\":\"https:\/\/deleitar.es\/gl\/producto\/nata-pasteurizada-enteira-38-mg\/\",\"name\":\"Deleitar | Nata pasteurizada enteira 38% MG\",\"isPartOf\":{\"@id\":\"https:\/\/deleitar.es\/#website\"},\"primaryImageOfPage\":{\"@id\":\"https:\/\/deleitar.es\/gl\/producto\/nata-pasteurizada-enteira-38-mg\/#primaryimage\"},\"datePublished\":\"2019-08-30T10:54:18+00:00\",\"dateModified\":\"2020-05-27T14:49:26+00:00\",\"description\":\"A nata l\\u00edquida pasteurizada Deleitar cun 38% MG destaca polas s\\u00faas \\u00f3ptimas caracter\\u00edsticas: cor, excelente sabor e firmeza.\",\"inLanguage\":\"gl-ES\",\"potentialAction\":[{\"@type\":\"ReadAction\",\"target\":[\"https:\/\/deleitar.es\/gl\/producto\/nata-pasteurizada-enteira-38-mg\/\"]}]}]}<\/script>\n<!-- \/ Yoast SEO plugin. -->","_links":{"self":[{"href":"https:\/\/deleitar.es\/gl\/wp-json\/wp\/v2\/product\/1567"}],"collection":[{"href":"https:\/\/deleitar.es\/gl\/wp-json\/wp\/v2\/product"}],"about":[{"href":"https:\/\/deleitar.es\/gl\/wp-json\/wp\/v2\/types\/product"}],"wp:featuredmedia":[{"embeddable":true,"href":"https:\/\/deleitar.es\/gl\/wp-json\/wp\/v2\/media\/1334"}],"wp:attachment":[{"href":"https:\/\/deleitar.es\/gl\/wp-json\/wp\/v2\/media?parent=1567"}],"curies":[{"name":"wp","href":"https:\/\/api.w.org\/{rel}","templated":true}]}}