{"id":1504,"date":"2019-09-30T13:23:39","date_gmt":"2019-09-30T11:23:39","guid":{"rendered":"https:\/\/deleitar.es\/producto\/tres-viajeros-arzua-ulloa\/"},"modified":"2021-05-26T14:43:19","modified_gmt":"2021-05-26T12:43:19","slug":"tres-viajeros-arzua-ulloa","status":"publish","type":"product","link":"https:\/\/deleitar.es\/gl\/producto\/tres-viajeros-arzua-ulloa\/","title":{"rendered":"Tres Viajeros D.O.P. Arz\u00faa Ulloa"},"content":{"rendered":"<p>logistica<\/p>\n","protected":false},"excerpt":{"rendered":"<p><strong>Caracter\u00edsticas: <\/strong>Elaborado con leite enteiro pasteurizado de vaca, callo, sal, corrector de acidez: cloruro c\u00e1lcico e fermentos l\u00e1cteos. Graxa: m\u00ednimo 45% sobre extracto seco.<\/p>\n<p><strong>Nota de cata: <\/strong>Cortiza fina e flexible de cor amarela, limpa e lisa. Pasta uniforme, de aspecto brillante. Corte f\u00e1cil e textura mantecosa. Poucos ollos e distribu\u00eddos de forma irregular. Suave e delicado ao padal cun lixeiro punto de sal.<\/p>\n","protected":false},"featured_media":1410,"template":"","meta":[],"yoast_head":"<!-- This site is optimized with the Yoast SEO plugin v15.3 - https:\/\/yoast.com\/wordpress\/plugins\/seo\/ -->\n<title>Deleitar | Tres Viajeros D.O.P. Arz\u00faa Ulloa<\/title>\n<meta name=\"description\" content=\"Tres Viajeros D.O.P. Arz\u00faa Ulloa. Elaborado con leite enteiro pasteurizado de vaca, callo, sal, corrector de acidez: cloruro c\u00e1lcico e fermentos l\u00e1cteos.\" \/>\n<meta name=\"robots\" content=\"index, follow, max-snippet:-1, max-image-preview:large, max-video-preview:-1\" \/>\n<link rel=\"canonical\" href=\"https:\/\/deleitar.es\/gl\/producto\/tres-viajeros-arzua-ulloa\/\" \/>\n<meta property=\"og:locale\" content=\"gl_ES\" \/>\n<meta property=\"og:type\" content=\"article\" \/>\n<meta property=\"og:title\" content=\"Deleitar | Tres Viajeros D.O.P. Arz\u00faa Ulloa\" \/>\n<meta property=\"og:description\" content=\"Tres Viajeros D.O.P. Arz\u00faa Ulloa. Elaborado con leite enteiro pasteurizado de vaca, callo, sal, corrector de acidez: cloruro c\u00e1lcico e fermentos l\u00e1cteos.\" \/>\n<meta property=\"og:url\" content=\"https:\/\/deleitar.es\/gl\/producto\/tres-viajeros-arzua-ulloa\/\" \/>\n<meta property=\"og:site_name\" content=\"Deleitar\" \/>\n<meta property=\"article:publisher\" content=\"https:\/\/www.facebook.com\/Deleitar.gal\/\" \/>\n<meta property=\"article:modified_time\" content=\"2021-05-26T12:43:19+00:00\" \/>\n<meta property=\"og:image\" content=\"https:\/\/deleitar.es\/wp-content\/uploads\/2020\/05\/DELEITAR_SEOFB-arzuaulloa.jpg\" \/>\n\t<meta property=\"og:image:width\" content=\"2400\" \/>\n\t<meta property=\"og:image:height\" content=\"1260\" \/>\n<meta name=\"twitter:card\" content=\"summary_large_image\" \/>\n<meta name=\"twitter:title\" content=\"Deleitar | Tres Viajeros D.O.P. Arz\u00faa Ulloa\" \/>\n<meta name=\"twitter:description\" content=\"Tres Viajeros D.O.P. Arz\u00faa Ulloa. Elaborado con leite enteiro pasteurizado de vaca, callo, sal, corrector de acidez: cloruro c\u00e1lcico e fermentos l\u00e1cteos.\" \/>\n<meta name=\"twitter:image\" content=\"https:\/\/deleitar.es\/wp-content\/uploads\/2020\/05\/DELEITAR_SEOTW-arzuaulloa.jpg\" \/>\n<meta name=\"twitter:label1\" content=\"Escrito por\">\n\t<meta name=\"twitter:data1\" content=\"Deleitar\">\n\t<meta name=\"twitter:label2\" content=\"Tempo de lectura\">\n\t<meta name=\"twitter:data2\" content=\"0 minutos\">\n<script type=\"application\/ld+json\" class=\"yoast-schema-graph\">{\"@context\":\"https:\/\/schema.org\",\"@graph\":[{\"@type\":\"Organization\",\"@id\":\"https:\/\/deleitar.es\/#organization\",\"name\":\"Deleitar\",\"url\":\"https:\/\/deleitar.es\/\",\"sameAs\":[\"https:\/\/www.facebook.com\/Deleitar.gal\/\",\"https:\/\/www.instagram.com\/deleitar.gal\/\"],\"logo\":{\"@type\":\"ImageObject\",\"@id\":\"https:\/\/deleitar.es\/#logo\",\"inLanguage\":\"gl-ES\",\"url\":\"https:\/\/deleitar.es\/wp-content\/uploads\/2020\/05\/DELEITAR_SEOFB-home.jpg\",\"width\":2400,\"height\":1260,\"caption\":\"Deleitar\"},\"image\":{\"@id\":\"https:\/\/deleitar.es\/#logo\"}},{\"@type\":\"WebSite\",\"@id\":\"https:\/\/deleitar.es\/#website\",\"url\":\"https:\/\/deleitar.es\/\",\"name\":\"Deleitar\",\"description\":\"Leche 100% gallega\",\"publisher\":{\"@id\":\"https:\/\/deleitar.es\/#organization\"},\"potentialAction\":[{\"@type\":\"SearchAction\",\"target\":\"https:\/\/deleitar.es\/?s={search_term_string}\",\"query-input\":\"required name=search_term_string\"}],\"inLanguage\":\"gl-ES\"},{\"@type\":\"ImageObject\",\"@id\":\"https:\/\/deleitar.es\/gl\/producto\/tres-viajeros-arzua-ulloa\/#primaryimage\",\"inLanguage\":\"gl-ES\",\"url\":\"https:\/\/deleitar.es\/wp-content\/uploads\/2019\/09\/tresviajeros-arzuaulloa.png\",\"width\":500,\"height\":500,\"caption\":\"Tresviajeros-ulloa\"},{\"@type\":\"WebPage\",\"@id\":\"https:\/\/deleitar.es\/gl\/producto\/tres-viajeros-arzua-ulloa\/#webpage\",\"url\":\"https:\/\/deleitar.es\/gl\/producto\/tres-viajeros-arzua-ulloa\/\",\"name\":\"Deleitar | Tres Viajeros D.O.P. Arz\\u00faa Ulloa\",\"isPartOf\":{\"@id\":\"https:\/\/deleitar.es\/#website\"},\"primaryImageOfPage\":{\"@id\":\"https:\/\/deleitar.es\/gl\/producto\/tres-viajeros-arzua-ulloa\/#primaryimage\"},\"datePublished\":\"2019-09-30T11:23:39+00:00\",\"dateModified\":\"2021-05-26T12:43:19+00:00\",\"description\":\"Tres Viajeros D.O.P. Arz\\u00faa Ulloa. Elaborado con leite enteiro pasteurizado de vaca, callo, sal, corrector de acidez: cloruro c\\u00e1lcico e fermentos l\\u00e1cteos.\",\"inLanguage\":\"gl-ES\",\"potentialAction\":[{\"@type\":\"ReadAction\",\"target\":[\"https:\/\/deleitar.es\/gl\/producto\/tres-viajeros-arzua-ulloa\/\"]}]}]}<\/script>\n<!-- \/ Yoast SEO plugin. -->","_links":{"self":[{"href":"https:\/\/deleitar.es\/gl\/wp-json\/wp\/v2\/product\/1504"}],"collection":[{"href":"https:\/\/deleitar.es\/gl\/wp-json\/wp\/v2\/product"}],"about":[{"href":"https:\/\/deleitar.es\/gl\/wp-json\/wp\/v2\/types\/product"}],"wp:featuredmedia":[{"embeddable":true,"href":"https:\/\/deleitar.es\/gl\/wp-json\/wp\/v2\/media\/1410"}],"wp:attachment":[{"href":"https:\/\/deleitar.es\/gl\/wp-json\/wp\/v2\/media?parent=1504"}],"curies":[{"name":"wp","href":"https:\/\/api.w.org\/{rel}","templated":true}]}}