{"id":1684,"date":"2019-09-10T16:13:28","date_gmt":"2019-09-10T14:13:28","guid":{"rendered":"https:\/\/deleitar.es\/politica-cookies\/"},"modified":"2020-05-22T23:44:41","modified_gmt":"2020-05-22T21:44:41","slug":"politica-cookies","status":"publish","type":"page","link":"https:\/\/deleitar.es\/gl\/politica-cookies\/","title":{"rendered":"Pol\u00edtica de cookies"},"content":{"rendered":"<p>[vc_row][vc_column][vc_column_text]<\/p>\n<h4><strong>Que son as cookies?<\/strong><\/h4>\n<p>As cookies son arquivos almacenados polas p\u00e1xinas web nos navegadores do usuario, as cales conte\u00f1en datos de sesi\u00f3n que poden ser de utilidade m\u00e1is adiante na mesma p\u00e1xina web. Estes datos, que se gardan nas cookies, permiten manter a informaci\u00f3n de navegaci\u00f3n entre as diferentes p\u00e1xinas do sitio web, \u00e1 vez que analizan a forma de interactuar con leste, de forma que pode identificarse unha preferencia de usuario.<\/p>\n<h4><strong>Descrici\u00f3n das cookies<\/strong><\/h4>\n<p><strong>Cookies t\u00e9cnicas<\/strong>: Son aquelas que permiten ao usuario a navegaci\u00f3n a trav\u00e9s dunha p\u00e1xina web, plataforma ou aplicaci\u00f3n e a utilizaci\u00f3n das diferentes opci\u00f3ns ou servizos que nela existan como, por exemplo, controlar o tr\u00e1fico e a comunicaci\u00f3n de datos, identificar a sesi\u00f3n, acceder a partes de acceso restrinxido, lembrar os elementos que integran un pedido, realizar o proceso de compra dun pedido, utilizar elementos de seguridade durante a navegaci\u00f3n ou compartir contidos a trav\u00e9s de redes sociais.<\/p>\n<p><strong>Cookies de personalizaci\u00f3n<\/strong>: Son aquelas que permiten ao usuario acceder ao servizo con algunhas caracter\u00edsticas de car\u00e1cter xeral predefinidas en funci\u00f3n dunha serie de criterios no terminal do usuario por exemplo serian o idioma, o tipo de navegador a trav\u00e9s do cal accede ao servizo, a configuraci\u00f3n rexional desde onde accede ao servizo, etc.<\/p>\n<p><strong>Cookies de sesi\u00f3n<\/strong>: Son cookies temporais que permanecen no arquivo de cookies do navegador ata que se abandona a p\u00e1xina web. Ad\u00f3itase empregar para analizar pautas de tr\u00e1fico na web. A longo prazo, isto permite proporcionar unha mellor experiencia para mellorar o contido e facilitar o seu uso.<\/p>\n<p><strong>Cookies de an\u00e1lisis<\/strong>: Son aquelas que ben tratadas por n\u00f3s ou por terceiros, perm\u00edtennos cuantificar o n\u00famero de usuarios e as\u00ed realizar a medici\u00f3n e an\u00e1lise estat\u00edstico da utilizaci\u00f3n que fan os usuarios do servizo ofertado. Para iso anal\u00edzase a s\u00faa navegaci\u00f3n na nosa p\u00e1xina web co fin de mellorar a oferta de produtos ou servizos que lle ofrecemos.<\/p>\n<h4><strong>Como deshabilitar as cookies?<\/strong><\/h4>\n<ul>\n<li><a href=\"https:\/\/support.microsoft.com\/es-es\/kb\/278835\"><strong>Internet Explorer<\/strong><\/a><\/li>\n<li><a href=\"https:\/\/support.mozilla.org\/es\/kb\/habilitar-y-deshabilitar-cookies-sitios-web-rastrear-preferencias\"><strong>Mozilla Firefox<\/strong><\/a><\/li>\n<li><a href=\"http:\/\/support.google.com\/chrome\/answer\/95647?hl=es\"><strong>Google Chrome<\/strong><\/a><\/li>\n<li><a href=\"https:\/\/support.apple.com\/es-es\/guide\/safari\/sfri11471\/mac\"><strong>Safari<\/strong><\/a><\/li>\n<li><a href=\"https:\/\/www.opera.com\/help\/tutorials\/security\/privacy\/\"><strong>Opera<\/strong><\/a><\/li>\n<\/ul>\n<p>[\/vc_column_text][\/vc_column][\/vc_row]<\/p>\n","protected":false},"excerpt":{"rendered":"<p>[vc_row][vc_column][vc_column_text] Que son as cookies? As cookies son arquivos almacenados polas p\u00e1xinas web nos navegadores do usuario, as cales conte\u00f1en datos&#8230;<\/p>\n","protected":false},"author":1,"featured_media":0,"parent":0,"menu_order":0,"comment_status":"closed","ping_status":"closed","template":"","meta":[],"yoast_head":"<!-- This site is optimized with the Yoast SEO plugin v15.3 - https:\/\/yoast.com\/wordpress\/plugins\/seo\/ -->\n<title>Deleitar | Pol\u00edtica de cookies<\/title>\n<meta name=\"robots\" content=\"noindex, nofollow\" \/>\n<meta property=\"og:locale\" content=\"gl_ES\" \/>\n<meta property=\"og:type\" content=\"article\" \/>\n<meta property=\"og:title\" content=\"Deleitar | Pol\u00edtica de cookies\" \/>\n<meta property=\"og:description\" content=\"[vc_row][vc_column][vc_column_text] Que son as cookies? As cookies son arquivos almacenados polas p\u00e1xinas web nos navegadores do usuario, as cales conte\u00f1en datos...\" \/>\n<meta property=\"og:url\" content=\"https:\/\/deleitar.es\/gl\/politica-cookies\/\" \/>\n<meta property=\"og:site_name\" content=\"Deleitar\" \/>\n<meta property=\"article:publisher\" content=\"https:\/\/www.facebook.com\/Deleitar.gal\/\" \/>\n<meta property=\"article:modified_time\" content=\"2020-05-22T21:44:41+00:00\" \/>\n<meta name=\"twitter:card\" content=\"summary_large_image\" \/>\n<meta name=\"twitter:label1\" content=\"Escrito por\">\n\t<meta name=\"twitter:data1\" content=\"Deleitar\">\n\t<meta name=\"twitter:label2\" content=\"Tempo de lectura\">\n\t<meta name=\"twitter:data2\" content=\"2 minutos\">\n<script type=\"application\/ld+json\" class=\"yoast-schema-graph\">{\"@context\":\"https:\/\/schema.org\",\"@graph\":[{\"@type\":\"Organization\",\"@id\":\"https:\/\/deleitar.es\/#organization\",\"name\":\"Deleitar\",\"url\":\"https:\/\/deleitar.es\/\",\"sameAs\":[\"https:\/\/www.facebook.com\/Deleitar.gal\/\",\"https:\/\/www.instagram.com\/deleitar.gal\/\"],\"logo\":{\"@type\":\"ImageObject\",\"@id\":\"https:\/\/deleitar.es\/#logo\",\"inLanguage\":\"gl-ES\",\"url\":\"https:\/\/deleitar.es\/wp-content\/uploads\/2020\/05\/DELEITAR_SEOFB-home.jpg\",\"width\":2400,\"height\":1260,\"caption\":\"Deleitar\"},\"image\":{\"@id\":\"https:\/\/deleitar.es\/#logo\"}},{\"@type\":\"WebSite\",\"@id\":\"https:\/\/deleitar.es\/#website\",\"url\":\"https:\/\/deleitar.es\/\",\"name\":\"Deleitar\",\"description\":\"Leche 100% gallega\",\"publisher\":{\"@id\":\"https:\/\/deleitar.es\/#organization\"},\"potentialAction\":[{\"@type\":\"SearchAction\",\"target\":\"https:\/\/deleitar.es\/?s={search_term_string}\",\"query-input\":\"required name=search_term_string\"}],\"inLanguage\":\"gl-ES\"},{\"@type\":\"WebPage\",\"@id\":\"https:\/\/deleitar.es\/gl\/politica-cookies\/#webpage\",\"url\":\"https:\/\/deleitar.es\/gl\/politica-cookies\/\",\"name\":\"Deleitar | Pol\\u00edtica de cookies\",\"isPartOf\":{\"@id\":\"https:\/\/deleitar.es\/#website\"},\"datePublished\":\"2019-09-10T14:13:28+00:00\",\"dateModified\":\"2020-05-22T21:44:41+00:00\",\"inLanguage\":\"gl-ES\",\"potentialAction\":[{\"@type\":\"ReadAction\",\"target\":[\"https:\/\/deleitar.es\/gl\/politica-cookies\/\"]}]}]}<\/script>\n<!-- \/ Yoast SEO plugin. -->","_links":{"self":[{"href":"https:\/\/deleitar.es\/gl\/wp-json\/wp\/v2\/pages\/1684"}],"collection":[{"href":"https:\/\/deleitar.es\/gl\/wp-json\/wp\/v2\/pages"}],"about":[{"href":"https:\/\/deleitar.es\/gl\/wp-json\/wp\/v2\/types\/page"}],"author":[{"embeddable":true,"href":"https:\/\/deleitar.es\/gl\/wp-json\/wp\/v2\/users\/1"}],"replies":[{"embeddable":true,"href":"https:\/\/deleitar.es\/gl\/wp-json\/wp\/v2\/comments?post=1684"}],"version-history":[{"count":0,"href":"https:\/\/deleitar.es\/gl\/wp-json\/wp\/v2\/pages\/1684\/revisions"}],"wp:attachment":[{"href":"https:\/\/deleitar.es\/gl\/wp-json\/wp\/v2\/media?parent=1684"}],"curies":[{"name":"wp","href":"https:\/\/api.w.org\/{rel}","templated":true}]}}